{"id":307,"date":"2020-03-19T12:39:34","date_gmt":"2020-03-19T11:39:34","guid":{"rendered":"https:\/\/www.irriga.es\/?page_id=307"},"modified":"2026-01-02T14:15:21","modified_gmt":"2026-01-02T13:15:21","slug":"contacte","status":"publish","type":"page","link":"https:\/\/www.irriga.es\/index.php\/contacte\/","title":{"rendered":"Contacte"},"content":{"rendered":"<p>[et_pb_section fb_built=&#8221;1&#8243; _builder_version=&#8221;4.27.4&#8243; custom_margin=&#8221;20px||||false|false&#8221; custom_padding=&#8221;||||false|false&#8221; animation_style=&#8221;slide&#8221; animation_direction=&#8221;bottom&#8221; animation_duration=&#8221;800ms&#8221; animation_intensity_slide=&#8221;20%&#8221; collapsed=&#8221;off&#8221; global_colors_info=&#8221;{}&#8221; theme_builder_area=&#8221;post_content&#8221;][et_pb_row column_structure=&#8221;1_4,1_2,1_4&#8243; _builder_version=&#8221;4.27.4&#8243; _module_preset=&#8221;default&#8221; background_color=&#8221;#003D52&#8243; width=&#8221;100%&#8221; max_width=&#8221;2560px&#8221; custom_margin=&#8221;25px||||false|false&#8221; global_colors_info=&#8221;{}&#8221; theme_builder_area=&#8221;post_content&#8221;][et_pb_column type=&#8221;1_4&#8243; _builder_version=&#8221;4.27.4&#8243; _module_preset=&#8221;default&#8221; global_colors_info=&#8221;{}&#8221; theme_builder_area=&#8221;post_content&#8221;][et_pb_image src=&#8221;https:\/\/www.irriga.es\/wp-content\/uploads\/2025\/06\/icon-irriga.png&#8221; title_text=&#8221;icon-irriga&#8221; align=&#8221;center&#8221; _builder_version=&#8221;4.27.4&#8243; _module_preset=&#8221;default&#8221; width=&#8221;100%&#8221; min_height=&#8221;70px&#8221; height=&#8221;70px&#8221; max_height=&#8221;70px&#8221; global_colors_info=&#8221;{}&#8221; theme_builder_area=&#8221;post_content&#8221;][\/et_pb_image][\/et_pb_column][et_pb_column type=&#8221;1_2&#8243; _builder_version=&#8221;4.27.4&#8243; _module_preset=&#8221;default&#8221; global_colors_info=&#8221;{}&#8221; theme_builder_area=&#8221;post_content&#8221;][et_pb_text _builder_version=&#8221;4.27.4&#8243; _module_preset=&#8221;default&#8221; global_colors_info=&#8221;{}&#8221; theme_builder_area=&#8221;post_content&#8221;]<\/p>\n<h1><span style=\"color: #ffffff;\"><\/span><\/h1>\n<h1><span style=\"color: #ffffff;\">CONTACTE<\/span><\/h1>\n<p>[\/et_pb_text][\/et_pb_column][et_pb_column type=&#8221;1_4&#8243; _builder_version=&#8221;4.27.4&#8243; _module_preset=&#8221;default&#8221; global_colors_info=&#8221;{}&#8221; theme_builder_area=&#8221;post_content&#8221;][\/et_pb_column][\/et_pb_row][et_pb_row column_structure=&#8221;3_5,2_5&#8243; _builder_version=&#8221;4.27.4&#8243; background_color=&#8221;RGBA(255,255,255,0)&#8221; use_background_color_gradient=&#8221;on&#8221; background_color_gradient_direction=&#8221;283deg&#8221; background_color_gradient_stops=&#8221;rgba(140,198,63,0.24) 0%|rgba(84,200,232,0.18) 100%&#8221; background_color_gradient_overlays_image=&#8221;on&#8221; background_enable_image=&#8221;off&#8221; z_index=&#8221;0&#8243; width=&#8221;100%&#8221; max_width=&#8221;none&#8221; custom_margin=&#8221;0px|auto||auto|false|false&#8221; custom_padding=&#8221;0px||0px|||&#8221; locked=&#8221;off&#8221; global_colors_info=&#8221;{}&#8221; theme_builder_area=&#8221;post_content&#8221;][et_pb_column type=&#8221;3_5&#8243; _builder_version=&#8221;4.27.4&#8243; background_color=&#8221;RGBA(255,255,255,0)&#8221; background_enable_image=&#8221;off&#8221; custom_padding=&#8221;4vw|10vw|4vw|10vw|true|false&#8221; custom_padding_tablet=&#8221;||||false|false&#8221; custom_padding_last_edited=&#8221;off|tablet&#8221; scroll_horizontal_motion=&#8221;0|70|70|100|2|0|0&#8243; scroll_horizontal_motion_tablet=&#8221;0|70|70|100|0|0|0&#8243; scroll_horizontal_motion_phone=&#8221;&#8221; scroll_horizontal_motion_last_edited=&#8221;on|tablet&#8221; box_shadow_style=&#8221;preset4&#8243; box_shadow_horizontal=&#8221;-10vw&#8221; box_shadow_vertical=&#8221;0px&#8221; box_shadow_color=&#8221;#ffffff&#8221; global_colors_info=&#8221;{}&#8221; theme_builder_area=&#8221;post_content&#8221;][et_pb_text _builder_version=&#8221;4.16&#8243; header_2_font=&#8221;Kanit|700|||||||&#8221; header_2_font_size=&#8221;48px&#8221; header_2_line_height=&#8221;1.2em&#8221; max_width=&#8221;600px&#8221; header_2_font_size_tablet=&#8221;28px&#8221; header_2_font_size_phone=&#8221;18px&#8221; header_2_font_size_last_edited=&#8221;on|desktop&#8221; locked=&#8221;off&#8221; global_colors_info=&#8221;{}&#8221; theme_builder_area=&#8221;post_content&#8221;]<\/p>\n<h1><span>Estem a la teva disposici\u00f3 per resoldre dubtes, assessorar-te o ajudar-te a fer realitat el teu projecte de reg.\u00a0<\/span><\/h1>\n<p>&nbsp;<\/p>\n<p>[\/et_pb_text][\/et_pb_column][et_pb_column type=&#8221;2_5&#8243; _builder_version=&#8221;4.27.4&#8243; background_color=&#8221;RGBA(255,255,255,0)&#8221; global_colors_info=&#8221;{}&#8221; theme_builder_area=&#8221;post_content&#8221;][et_pb_text _builder_version=&#8221;4.27.4&#8243; _module_preset=&#8221;default&#8221; global_colors_info=&#8221;{}&#8221; theme_builder_area=&#8221;post_content&#8221;]<\/p>\n<p>&nbsp;<\/p>\n<p>&nbsp;<\/p>\n<p>&nbsp;<\/p>\n<p>&nbsp;<\/p>\n<p>[\/et_pb_text][et_pb_text _builder_version=&#8221;4.27.4&#8243; _module_preset=&#8221;default&#8221; scroll_horizontal_motion_enable=&#8221;on&#8221; scroll_horizontal_motion=&#8221;0|50|50|100|-0.2|0|0.2&#8243; global_colors_info=&#8221;{}&#8221; theme_builder_area=&#8221;post_content&#8221;]<\/p>\n<h1><span style=\"color: #8cc63f; font-size: xx-large;\">PARLEM?<\/span><\/h1>\n<p>[\/et_pb_text][\/et_pb_column][\/et_pb_row][et_pb_row column_structure=&#8221;1_3,1_3,1_3&#8243; use_custom_gutter=&#8221;on&#8221; gutter_width=&#8221;3&#8243; _builder_version=&#8221;4.16&#8243; global_colors_info=&#8221;{}&#8221; theme_builder_area=&#8221;post_content&#8221;][et_pb_column type=&#8221;1_3&#8243; _builder_version=&#8221;4.16&#8243; global_colors_info=&#8221;{}&#8221; theme_builder_area=&#8221;post_content&#8221;][et_pb_text _builder_version=&#8221;4.16&#8243; custom_margin=&#8221;||10%||false|false&#8221; global_colors_info=&#8221;{}&#8221; theme_builder_area=&#8221;post_content&#8221;]<\/p>\n<h4>Irriga Water Solutions<\/h4>\n<p>Pol. Ind. Cam\u00ed dels Frares, Parcel\u00b7la 2 Nau <br \/>25190 <strong>Lleida<\/strong><br \/>Tel. 973 25 78 63<br \/><a href=\"mailto:info@irriga.cat\" target=\"_blank\" rel=\"noopener noreferrer\">info@irriga.es<\/a><\/p>\n<h5>HORARI:<\/h5>\n<table>\n<tbody>\n<tr>\n<td>dilluns<\/td>\n<td>7:30 &#8211; 13.30 \/\/ 15.00 \u201319:00<\/td>\n<\/tr>\n<tr>\n<td>dimarts<\/td>\n<td>7:30\u201313:30 \/\/ 15.00 &#8211; 19.00<\/td>\n<\/tr>\n<tr>\n<td>dimecres<\/td>\n<td>7:30\u201313.30 \/\/ 15.00 -19:00<\/td>\n<\/tr>\n<tr>\n<td>dijous<\/td>\n<td>7:30\u201313.30 \/\/ 15.00 &#8211; 19:00<\/td>\n<\/tr>\n<tr>\n<td>divendres<\/td>\n<td>7:30\u201313.30 \/\/ 15.00 &#8211; 19:00<\/td>\n<\/tr>\n<tr>\n<td>dissabtes<\/td>\n<td>9:00\u201313:00<\/td>\n<\/tr>\n<tr>\n<td>diumenges\u00a0\u00a0<\/td>\n<td>Tancat<\/td>\n<\/tr>\n<\/tbody>\n<\/table>\n<p><strong>\u00a0<\/strong><\/p>\n<p>[\/et_pb_text][et_pb_code _builder_version=&#8221;4.16&#8243; border_width_top=&#8221;10px&#8221; border_color_top=&#8221;#93d400&#8243; global_colors_info=&#8221;{}&#8221; theme_builder_area=&#8221;post_content&#8221;]<iframe loading=\"lazy\" src=\"https:\/\/www.google.com\/maps\/embed?pb=!1m18!1m12!1m3!1d2983.089906370489!2d0.668339716223848!3d41.61056747924434!2m3!1f0!2f0!3f0!3m2!1i1024!2i768!4f13.1!3m3!1m2!1s0x12a6e0eb1295690d%3A0x68bae233a4e7ad53!2sIRRIGA-Ongrub%20ma.%20S.L.!5e0!3m2!1ses!2ses!4v1584618319383!5m2!1ses!2ses\" width=\"100%\" height=\"400\" frameborder=\"0\" style=\"border:0;\" allowfullscreen=\"\" aria-hidden=\"false\" tabindex=\"0\"><\/iframe>[\/et_pb_code][\/et_pb_column][et_pb_column type=&#8221;1_3&#8243; _builder_version=&#8221;4.16&#8243; global_colors_info=&#8221;{}&#8221; theme_builder_area=&#8221;post_content&#8221;][et_pb_blurb title=&#8221;Explica\u2019ns qu\u00e8 necessites!&#8221; image=&#8221;https:\/\/www.irriga.es\/wp-content\/uploads\/2020\/01\/favicon.png&#8221; icon_placement=&#8221;left&#8221; content_max_width=&#8221;1100px&#8221; disabled_on=&#8221;on|on|on&#8221; _builder_version=&#8221;4.27.4&#8243; header_font=&#8221;||||||||&#8221; header_text_color=&#8221;#54C8E8&#8243; header_font_size=&#8221;1.2em&#8221; custom_margin=&#8221;||50px||false|false&#8221; animation_style=&#8221;slide&#8221; animation_direction=&#8221;right&#8221; animation_duration=&#8221;800ms&#8221; animation_delay=&#8221;500ms&#8221; animation_intensity_slide=&#8221;20%&#8221; animation=&#8221;left&#8221; disabled=&#8221;on&#8221; global_colors_info=&#8221;{}&#8221; theme_builder_area=&#8221;post_content&#8221;]<\/p>\n<p>Omple el formulari. Et respondrem al m\u00e9s aviat possible!<\/p>\n<p>[\/et_pb_blurb][et_pb_text _builder_version=&#8221;4.27.4&#8243; _module_preset=&#8221;default&#8221; global_colors_info=&#8221;{}&#8221; theme_builder_area=&#8221;post_content&#8221;][\/et_pb_text][\/et_pb_column][et_pb_column _builder_version=&#8221;4.27.4&#8243; _module_preset=&#8221;default&#8221; type=&#8221;1_3&#8243; theme_builder_area=&#8221;post_content&#8221;][et_pb_text _builder_version=&#8221;4.27.4&#8243; _module_preset=&#8221;default&#8221; theme_builder_area=&#8221;post_content&#8221; hover_enabled=&#8221;0&#8243; sticky_enabled=&#8221;0&#8243;]<div class=\"wpforms-container wpforms-container-full\" id=\"wpforms-6869\"><form id=\"wpforms-form-6869\" class=\"wpforms-validate wpforms-form wpforms-ajax-form\" data-formid=\"6869\" method=\"post\" enctype=\"multipart\/form-data\" action=\"\/index.php\/wp-json\/wp\/v2\/pages\/307\" data-token=\"09ea63899aa206a991de553056fccf8b\" data-token-time=\"1775332811\"><noscript class=\"wpforms-error-noscript\">Activeu el JavaScript al navegador per a poder completar el formulari.<\/noscript><div class=\"wpforms-field-container\"><div id=\"wpforms-6869-field_1-container\" class=\"wpforms-field wpforms-field-name\" data-field-id=\"1\"><label class=\"wpforms-field-label\" for=\"wpforms-6869-field_1\">Nom <span class=\"wpforms-required-label\">*<\/span><\/label><input type=\"text\" id=\"wpforms-6869-field_1\" class=\"wpforms-field-large wpforms-field-required\" name=\"wpforms[fields][1]\" required><\/div>\t\t<div id=\"wpforms-6869-field_4-container\"\n\t\t\tclass=\"wpforms-field wpforms-field-text\"\n\t\t\tdata-field-type=\"text\"\n\t\t\tdata-field-id=\"4\"\n\t\t\t>\n\t\t\t<label class=\"wpforms-field-label\" for=\"wpforms-6869-field_4\" >missatge Correu teu<\/label>\n\t\t\t<input type=\"text\" id=\"wpforms-6869-field_4\" class=\"wpforms-field-medium\" name=\"wpforms[fields][4]\" >\n\t\t<\/div>\n\t\t<div id=\"wpforms-6869-field_2-container\" class=\"wpforms-field wpforms-field-email\" data-field-id=\"2\"><label class=\"wpforms-field-label\" for=\"wpforms-6869-field_2\">Correu electr\u00f2nic <span class=\"wpforms-required-label\">*<\/span><\/label><input type=\"email\" id=\"wpforms-6869-field_2\" class=\"wpforms-field-large wpforms-field-required\" name=\"wpforms[fields][2]\" spellcheck=\"false\" required><\/div><div id=\"wpforms-6869-field_5-container\" class=\"wpforms-field wpforms-field-number\" data-field-id=\"5\"><label class=\"wpforms-field-label\" for=\"wpforms-6869-field_5\">El teu tel\u00e8fon <span class=\"wpforms-required-label\">*<\/span><\/label><input type=\"number\" id=\"wpforms-6869-field_5\" class=\"wpforms-field-medium wpforms-field-required\" name=\"wpforms[fields][5]\" step=\"any\" required><\/div><div id=\"wpforms-6869-field_3-container\" class=\"wpforms-field wpforms-field-textarea\" data-field-id=\"3\"><label class=\"wpforms-field-label\" for=\"wpforms-6869-field_3\">Comentari o missatge <span class=\"wpforms-required-label\">*<\/span><\/label><textarea id=\"wpforms-6869-field_3\" class=\"wpforms-field-large wpforms-field-required\" name=\"wpforms[fields][3]\" required><\/textarea><\/div><div id=\"wpforms-6869-field_9-container\" class=\"wpforms-field wpforms-field-checkbox\" data-field-id=\"9\"><label class=\"wpforms-field-label\">Acuerdo RGPD <span class=\"wpforms-required-label\">*<\/span><\/label><ul id=\"wpforms-6869-field_9\" class=\"wpforms-field-required\"><li class=\"choice-1 depth-1\"><input type=\"checkbox\" id=\"wpforms-6869-field_9_1\" name=\"wpforms[fields][9][]\" value=\"Doy mi consentimiento para que esta web almacene la informaci\u00f3n que env\u00edo para que puedan responder a mi petici\u00f3n.\" required ><label class=\"wpforms-field-label-inline\" for=\"wpforms-6869-field_9_1\">Doy mi consentimiento para que esta web almacene la informaci\u00f3n que env\u00edo para que puedan responder a mi petici\u00f3n.<\/label><\/li><\/ul><\/div><script>\n\t\t\t\t( function() {\n\t\t\t\t\tconst style = document.createElement( 'style' );\n\t\t\t\t\tstyle.appendChild( document.createTextNode( '#wpforms-6869-field_4-container { position: absolute !important; overflow: hidden !important; display: inline !important; height: 1px !important; width: 1px !important; z-index: -1000 !important; padding: 0 !important; } #wpforms-6869-field_4-container input { visibility: hidden; } #wpforms-conversational-form-page #wpforms-6869-field_4-container label { counter-increment: none; }' ) );\n\t\t\t\t\tdocument.head.appendChild( style );\n\t\t\t\t\tdocument.currentScript?.remove();\n\t\t\t\t} )();\n\t\t\t<\/script><\/div><!-- .wpforms-field-container --><div class=\"wpforms-submit-container\" ><input type=\"hidden\" name=\"wpforms[id]\" value=\"6869\"><input type=\"hidden\" name=\"page_title\" value=\"\"><input type=\"hidden\" name=\"page_url\" value=\"https:\/\/www.irriga.es\/index.php\/wp-json\/wp\/v2\/pages\/307\"><input type=\"hidden\" name=\"url_referer\" value=\"\"><button type=\"submit\" name=\"wpforms[submit]\" id=\"wpforms-submit-6869\" class=\"wpforms-submit\" data-alt-text=\"S&#039;est\u00e0 enviant...\" data-submit-text=\"Envia\" aria-live=\"assertive\" value=\"wpforms-submit\">Envia<\/button><img loading=\"lazy\" decoding=\"async\" src=\"https:\/\/www.irriga.es\/wp-content\/plugins\/wpforms-lite\/assets\/images\/submit-spin.svg\" class=\"wpforms-submit-spinner\" style=\"display: none;\" width=\"26\" height=\"26\" alt=\"S&#039;est\u00e0 carregant\"><\/div><\/form><\/div>  <!-- .wpforms-container -->[\/et_pb_text][\/et_pb_column][\/et_pb_row][\/et_pb_section]<\/p>\n","protected":false},"excerpt":{"rendered":"<p>CONTACTEEstem a la teva disposici\u00f3 per resoldre dubtes, assessorar-te o ajudar-te a fer realitat el teu projecte de reg.\u00a0 &nbsp;&nbsp; &nbsp; &nbsp; &nbsp;PARLEM?Irriga Water Solutions Pol. Ind. Cam\u00ed dels Frares, Parcel\u00b7la 2 Nau 25190 LleidaTel. 973 25 78 63info@irriga.es HORARI: dilluns 7:30 &#8211; 13.30 \/\/ 15.00 \u201319:00 dimarts 7:30\u201313:30 \/\/ 15.00 &#8211; 19.00 dimecres 7:30\u201313.30 [&hellip;]<\/p>\n","protected":false},"author":1,"featured_media":1573,"parent":0,"menu_order":0,"comment_status":"closed","ping_status":"closed","template":"","meta":{"_et_pb_use_builder":"on","_et_pb_old_content":"<!-- wp:paragraph -->\r\n<p>This is an example page. It's different from a blog post because it will stay in one place and will show up in your site navigation (in most themes). Most people start with an About page that introduces them to potential site visitors. It might say something like this:<\/p>\r\n<!-- \/wp:paragraph -->\r\n\r\n<!-- wp:quote -->\r\n<blockquote class=\"wp-block-quote\"><p>Hi there! I'm a bike messenger by day, aspiring actor by night, and this is my website. I live in Los Angeles, have a great dog named Jack, and I like pi\u00f1a coladas. (And gettin' caught in the rain.)<\/p><\/blockquote>\r\n<!-- \/wp:quote -->\r\n\r\n<!-- wp:paragraph -->\r\n<p>...or something like this:<\/p>\r\n<!-- \/wp:paragraph -->\r\n\r\n<!-- wp:quote -->\r\n<blockquote class=\"wp-block-quote\"><p>The XYZ Doohickey Company was founded in 1971, and has been providing quality doohickeys to the public ever since. Located in Gotham City, XYZ employs over 2,000 people and does all kinds of awesome things for the Gotham community.<\/p><\/blockquote>\r\n<!-- \/wp:quote -->\r\n\r\n<!-- wp:paragraph -->\r\n<p>As a new WordPress user, you should go to <a href=\"https:\/\/www.irriga.es\/wp-admin\/\">your dashboard<\/a> to delete this page and create new pages for your content. Have fun!<\/p>\r\n<!-- \/wp:paragraph -->","_et_gb_content_width":"","_monsterinsights_skip_tracking":false,"_monsterinsights_sitenote_active":false,"_monsterinsights_sitenote_note":"","_monsterinsights_sitenote_category":0,"footnotes":""},"class_list":["post-307","page","type-page","status-publish","has-post-thumbnail","hentry"],"yoast_head":"<!-- This site is optimized with the Yoast SEO plugin v26.6 - https:\/\/yoast.com\/wordpress\/plugins\/seo\/ -->\n<title>Contacte - Irriga Water Solutions<\/title>\n<meta name=\"description\" content=\"Contacta amb IRRIGA i els nostres t\u00e8cnics, t&#039;ajudaran a triar el millor material de reg per al teu projecte. Contacte IRRIGA Lleida\" \/>\n<meta name=\"robots\" content=\"index, follow, max-snippet:-1, max-image-preview:large, max-video-preview:-1\" \/>\n<link rel=\"canonical\" href=\"https:\/\/www.irriga.es\/index.php\/contacte\/\" \/>\n<meta property=\"og:locale\" content=\"ca_ES\" \/>\n<meta property=\"og:type\" content=\"article\" \/>\n<meta property=\"og:title\" content=\"Contacte - Irriga Water Solutions\" \/>\n<meta property=\"og:description\" content=\"Contacta amb IRRIGA i els nostres t\u00e8cnics, t&#039;ajudaran a triar el millor material de reg per al teu projecte. Contacte IRRIGA Lleida\" \/>\n<meta property=\"og:url\" content=\"https:\/\/www.irriga.es\/index.php\/contacte\/\" \/>\n<meta property=\"og:site_name\" content=\"Irriga Water Solutions\" \/>\n<meta property=\"article:modified_time\" content=\"2026-01-02T13:15:21+00:00\" \/>\n<meta property=\"og:image\" content=\"https:\/\/www.irriga.es\/wp-content\/uploads\/2021\/05\/3-1.jpg\" \/>\n\t<meta property=\"og:image:width\" content=\"540\" \/>\n\t<meta property=\"og:image:height\" content=\"540\" \/>\n\t<meta property=\"og:image:type\" content=\"image\/jpeg\" \/>\n<meta name=\"twitter:card\" content=\"summary_large_image\" \/>\n<meta name=\"twitter:label1\" content=\"Temps estimat de lectura\" \/>\n\t<meta name=\"twitter:data1\" content=\"2 minuts\" \/>\n<script type=\"application\/ld+json\" class=\"yoast-schema-graph\">{\"@context\":\"https:\/\/schema.org\",\"@graph\":[{\"@type\":\"WebPage\",\"@id\":\"https:\/\/www.irriga.es\/index.php\/contacte\/\",\"url\":\"https:\/\/www.irriga.es\/index.php\/contacte\/\",\"name\":\"Contacte - Irriga Water Solutions\",\"isPartOf\":{\"@id\":\"https:\/\/www.irriga.es\/#website\"},\"primaryImageOfPage\":{\"@id\":\"https:\/\/www.irriga.es\/index.php\/contacte\/#primaryimage\"},\"image\":{\"@id\":\"https:\/\/www.irriga.es\/index.php\/contacte\/#primaryimage\"},\"thumbnailUrl\":\"https:\/\/www.irriga.es\/wp-content\/uploads\/2021\/05\/3-1.jpg\",\"datePublished\":\"2020-03-19T11:39:34+00:00\",\"dateModified\":\"2026-01-02T13:15:21+00:00\",\"description\":\"Contacta amb IRRIGA i els nostres t\u00e8cnics, t'ajudaran a triar el millor material de reg per al teu projecte. Contacte IRRIGA Lleida\",\"breadcrumb\":{\"@id\":\"https:\/\/www.irriga.es\/index.php\/contacte\/#breadcrumb\"},\"inLanguage\":\"ca\",\"potentialAction\":[{\"@type\":\"ReadAction\",\"target\":[\"https:\/\/www.irriga.es\/index.php\/contacte\/\"]}]},{\"@type\":\"ImageObject\",\"inLanguage\":\"ca\",\"@id\":\"https:\/\/www.irriga.es\/index.php\/contacte\/#primaryimage\",\"url\":\"https:\/\/www.irriga.es\/wp-content\/uploads\/2021\/05\/3-1.jpg\",\"contentUrl\":\"https:\/\/www.irriga.es\/wp-content\/uploads\/2021\/05\/3-1.jpg\",\"width\":540,\"height\":540,\"caption\":\"Contacte IRRIGA\"},{\"@type\":\"BreadcrumbList\",\"@id\":\"https:\/\/www.irriga.es\/index.php\/contacte\/#breadcrumb\",\"itemListElement\":[{\"@type\":\"ListItem\",\"position\":1,\"name\":\"Portada\",\"item\":\"https:\/\/www.irriga.es\/\"},{\"@type\":\"ListItem\",\"position\":2,\"name\":\"Contacte\"}]},{\"@type\":\"WebSite\",\"@id\":\"https:\/\/www.irriga.es\/#website\",\"url\":\"https:\/\/www.irriga.es\/\",\"name\":\"Irriga Water Solutions\",\"description\":\"Sistemes de reg a mida \/\/ Obra hidr\u00e0ulica\",\"potentialAction\":[{\"@type\":\"SearchAction\",\"target\":{\"@type\":\"EntryPoint\",\"urlTemplate\":\"https:\/\/www.irriga.es\/?s={search_term_string}\"},\"query-input\":{\"@type\":\"PropertyValueSpecification\",\"valueRequired\":true,\"valueName\":\"search_term_string\"}}],\"inLanguage\":\"ca\"}]}<\/script>\n<!-- \/ Yoast SEO plugin. -->","yoast_head_json":{"title":"Contacte - Irriga Water Solutions","description":"Contacta amb IRRIGA i els nostres t\u00e8cnics, t'ajudaran a triar el millor material de reg per al teu projecte. Contacte IRRIGA Lleida","robots":{"index":"index","follow":"follow","max-snippet":"max-snippet:-1","max-image-preview":"max-image-preview:large","max-video-preview":"max-video-preview:-1"},"canonical":"https:\/\/www.irriga.es\/index.php\/contacte\/","og_locale":"ca_ES","og_type":"article","og_title":"Contacte - Irriga Water Solutions","og_description":"Contacta amb IRRIGA i els nostres t\u00e8cnics, t'ajudaran a triar el millor material de reg per al teu projecte. Contacte IRRIGA Lleida","og_url":"https:\/\/www.irriga.es\/index.php\/contacte\/","og_site_name":"Irriga Water Solutions","article_modified_time":"2026-01-02T13:15:21+00:00","og_image":[{"width":540,"height":540,"url":"https:\/\/www.irriga.es\/wp-content\/uploads\/2021\/05\/3-1.jpg","type":"image\/jpeg"}],"twitter_card":"summary_large_image","twitter_misc":{"Temps estimat de lectura":"2 minuts"},"schema":{"@context":"https:\/\/schema.org","@graph":[{"@type":"WebPage","@id":"https:\/\/www.irriga.es\/index.php\/contacte\/","url":"https:\/\/www.irriga.es\/index.php\/contacte\/","name":"Contacte - Irriga Water Solutions","isPartOf":{"@id":"https:\/\/www.irriga.es\/#website"},"primaryImageOfPage":{"@id":"https:\/\/www.irriga.es\/index.php\/contacte\/#primaryimage"},"image":{"@id":"https:\/\/www.irriga.es\/index.php\/contacte\/#primaryimage"},"thumbnailUrl":"https:\/\/www.irriga.es\/wp-content\/uploads\/2021\/05\/3-1.jpg","datePublished":"2020-03-19T11:39:34+00:00","dateModified":"2026-01-02T13:15:21+00:00","description":"Contacta amb IRRIGA i els nostres t\u00e8cnics, t'ajudaran a triar el millor material de reg per al teu projecte. Contacte IRRIGA Lleida","breadcrumb":{"@id":"https:\/\/www.irriga.es\/index.php\/contacte\/#breadcrumb"},"inLanguage":"ca","potentialAction":[{"@type":"ReadAction","target":["https:\/\/www.irriga.es\/index.php\/contacte\/"]}]},{"@type":"ImageObject","inLanguage":"ca","@id":"https:\/\/www.irriga.es\/index.php\/contacte\/#primaryimage","url":"https:\/\/www.irriga.es\/wp-content\/uploads\/2021\/05\/3-1.jpg","contentUrl":"https:\/\/www.irriga.es\/wp-content\/uploads\/2021\/05\/3-1.jpg","width":540,"height":540,"caption":"Contacte IRRIGA"},{"@type":"BreadcrumbList","@id":"https:\/\/www.irriga.es\/index.php\/contacte\/#breadcrumb","itemListElement":[{"@type":"ListItem","position":1,"name":"Portada","item":"https:\/\/www.irriga.es\/"},{"@type":"ListItem","position":2,"name":"Contacte"}]},{"@type":"WebSite","@id":"https:\/\/www.irriga.es\/#website","url":"https:\/\/www.irriga.es\/","name":"Irriga Water Solutions","description":"Sistemes de reg a mida \/\/ Obra hidr\u00e0ulica","potentialAction":[{"@type":"SearchAction","target":{"@type":"EntryPoint","urlTemplate":"https:\/\/www.irriga.es\/?s={search_term_string}"},"query-input":{"@type":"PropertyValueSpecification","valueRequired":true,"valueName":"search_term_string"}}],"inLanguage":"ca"}]}},"_links":{"self":[{"href":"https:\/\/www.irriga.es\/index.php\/wp-json\/wp\/v2\/pages\/307","targetHints":{"allow":["GET"]}}],"collection":[{"href":"https:\/\/www.irriga.es\/index.php\/wp-json\/wp\/v2\/pages"}],"about":[{"href":"https:\/\/www.irriga.es\/index.php\/wp-json\/wp\/v2\/types\/page"}],"author":[{"embeddable":true,"href":"https:\/\/www.irriga.es\/index.php\/wp-json\/wp\/v2\/users\/1"}],"replies":[{"embeddable":true,"href":"https:\/\/www.irriga.es\/index.php\/wp-json\/wp\/v2\/comments?post=307"}],"version-history":[{"count":50,"href":"https:\/\/www.irriga.es\/index.php\/wp-json\/wp\/v2\/pages\/307\/revisions"}],"predecessor-version":[{"id":7668,"href":"https:\/\/www.irriga.es\/index.php\/wp-json\/wp\/v2\/pages\/307\/revisions\/7668"}],"wp:featuredmedia":[{"embeddable":true,"href":"https:\/\/www.irriga.es\/index.php\/wp-json\/wp\/v2\/media\/1573"}],"wp:attachment":[{"href":"https:\/\/www.irriga.es\/index.php\/wp-json\/wp\/v2\/media?parent=307"}],"curies":[{"name":"wp","href":"https:\/\/api.w.org\/{rel}","templated":true}]}}